{"id":69,"date":"2022-03-27T22:06:33","date_gmt":"2022-03-27T21:06:33","guid":{"rendered":"https:\/\/www.jeuxcuisinegratuits.fr\/recettes-cuisine\/?page_id=69"},"modified":"2022-03-27T22:09:13","modified_gmt":"2022-03-27T21:09:13","slug":"contact","status":"publish","type":"page","link":"https:\/\/www.jeuxcuisinegratuits.fr\/recettes-cuisine\/contact\/","title":{"rendered":"Contact"},"content":{"rendered":"\n<p>Vous pouvez contacter l&rsquo;\u00e9quipe du site https:\/\/www.jeuxcuisinegratuits.fr\/ et de son blog d\u00e9di\u00e9 aux recettes de cuisine https:\/\/www.jeuxcuisinegratuits.fr\/recettes-cuisine\/ en passant par le formulaire ci-dessous.<\/p>\n\n\n\n<p>Nous tentons de r\u00e9pondre autant que possible \u00e0 l&rsquo;ensemble des demandes nous \u00e9tant adress\u00e9es, notamment les demandes de partenariat, les demandes \u00e9ditoriales, ainsi que les demandes commerciales.<\/p>\n\n\n\n<div class=\"wp-block-jetpack-contact-form\">\n\n\n\n\n\n<\/div>\n","protected":false},"excerpt":{"rendered":"<p>Vous pouvez contacter l&rsquo;\u00e9quipe du site https:\/\/www.jeuxcuisinegratuits.fr\/ et de son blog d\u00e9di\u00e9 aux recettes de cuisine https:\/\/www.jeuxcuisinegratuits.fr\/recettes-cuisine\/ en passant par le formulaire ci-dessous. Nous tentons de r\u00e9pondre autant que possible \u00e0 l&rsquo;ensemble des demandes nous \u00e9tant adress\u00e9es, notamment les demandes de partenariat, les demandes \u00e9ditoriales, ainsi que les demandes commerciales.<\/p>\n","protected":false},"author":1,"featured_media":0,"parent":0,"menu_order":0,"comment_status":"closed","ping_status":"closed","template":"","meta":{"footnotes":""},"yoast_head":"<!-- This site is optimized with the Yoast SEO plugin v22.6 - https:\/\/yoast.com\/wordpress\/plugins\/seo\/ -->\n<title>Contact | Les recettes de Cuisine Gratuites<\/title>\n<meta name=\"description\" content=\"Formulaire permettant de contacter les \u00e9quipes de https:\/\/www.jeuxcuisinegratuits.fr\/\" \/>\n<meta name=\"robots\" content=\"noindex, nofollow\" \/>\n<meta property=\"og:locale\" content=\"fr_FR\" \/>\n<meta property=\"og:type\" content=\"article\" \/>\n<meta property=\"og:title\" content=\"Contact | Les recettes de Cuisine Gratuites\" \/>\n<meta property=\"og:description\" content=\"Formulaire permettant de contacter les \u00e9quipes de https:\/\/www.jeuxcuisinegratuits.fr\/\" \/>\n<meta property=\"og:url\" content=\"https:\/\/www.jeuxcuisinegratuits.fr\/recettes-cuisine\/contact\/\" \/>\n<meta property=\"og:site_name\" content=\"Les recettes de Cuisine Gratuites\" \/>\n<meta property=\"article:publisher\" content=\"https:\/\/www.facebook.com\/jeuxcuisinegratuits.fr\" \/>\n<meta property=\"article:modified_time\" content=\"2022-03-27T21:09:13+00:00\" \/>\n<meta name=\"twitter:card\" content=\"summary_large_image\" \/>\n<meta name=\"twitter:site\" content=\"@Jeux_de_Cuisine\" \/>\n<meta name=\"twitter:label1\" content=\"Dur\u00e9e de lecture estim\u00e9e\" \/>\n\t<meta name=\"twitter:data1\" content=\"1 minute\" \/>\n<script type=\"application\/ld+json\" class=\"yoast-schema-graph\">{\"@context\":\"https:\/\/schema.org\",\"@graph\":[{\"@type\":\"WebPage\",\"@id\":\"https:\/\/www.jeuxcuisinegratuits.fr\/recettes-cuisine\/contact\/\",\"url\":\"https:\/\/www.jeuxcuisinegratuits.fr\/recettes-cuisine\/contact\/\",\"name\":\"Contact | Les recettes de Cuisine Gratuites\",\"isPartOf\":{\"@id\":\"https:\/\/www.jeuxcuisinegratuits.fr\/recettes-cuisine\/#website\"},\"datePublished\":\"2022-03-27T21:06:33+00:00\",\"dateModified\":\"2022-03-27T21:09:13+00:00\",\"description\":\"Formulaire permettant de contacter les \u00e9quipes de https:\/\/www.jeuxcuisinegratuits.fr\/\",\"breadcrumb\":{\"@id\":\"https:\/\/www.jeuxcuisinegratuits.fr\/recettes-cuisine\/contact\/#breadcrumb\"},\"inLanguage\":\"fr-FR\",\"potentialAction\":[{\"@type\":\"ReadAction\",\"target\":[\"https:\/\/www.jeuxcuisinegratuits.fr\/recettes-cuisine\/contact\/\"]}]},{\"@type\":\"BreadcrumbList\",\"@id\":\"https:\/\/www.jeuxcuisinegratuits.fr\/recettes-cuisine\/contact\/#breadcrumb\",\"itemListElement\":[{\"@type\":\"ListItem\",\"position\":1,\"name\":\"Accueil\",\"item\":\"https:\/\/www.jeuxcuisinegratuits.fr\/recettes-cuisine\/\"},{\"@type\":\"ListItem\",\"position\":2,\"name\":\"Contact\"}]},{\"@type\":\"WebSite\",\"@id\":\"https:\/\/www.jeuxcuisinegratuits.fr\/recettes-cuisine\/#website\",\"url\":\"https:\/\/www.jeuxcuisinegratuits.fr\/recettes-cuisine\/\",\"name\":\"Les recettes de Cuisine Gratuites\",\"description\":\"Le site destin\u00e9 aux apprentis chef du site Jeux Cuisine Gratuits\",\"potentialAction\":[{\"@type\":\"SearchAction\",\"target\":{\"@type\":\"EntryPoint\",\"urlTemplate\":\"https:\/\/www.jeuxcuisinegratuits.fr\/recettes-cuisine\/?s={search_term_string}\"},\"query-input\":\"required name=search_term_string\"}],\"inLanguage\":\"fr-FR\"}]}<\/script>\n<!-- \/ Yoast SEO plugin. -->","yoast_head_json":{"title":"Contact | Les recettes de Cuisine Gratuites","description":"Formulaire permettant de contacter les \u00e9quipes de https:\/\/www.jeuxcuisinegratuits.fr\/","robots":{"index":"noindex","follow":"nofollow"},"og_locale":"fr_FR","og_type":"article","og_title":"Contact | Les recettes de Cuisine Gratuites","og_description":"Formulaire permettant de contacter les \u00e9quipes de https:\/\/www.jeuxcuisinegratuits.fr\/","og_url":"https:\/\/www.jeuxcuisinegratuits.fr\/recettes-cuisine\/contact\/","og_site_name":"Les recettes de Cuisine Gratuites","article_publisher":"https:\/\/www.facebook.com\/jeuxcuisinegratuits.fr","article_modified_time":"2022-03-27T21:09:13+00:00","twitter_card":"summary_large_image","twitter_site":"@Jeux_de_Cuisine","twitter_misc":{"Dur\u00e9e de lecture estim\u00e9e":"1 minute"},"schema":{"@context":"https:\/\/schema.org","@graph":[{"@type":"WebPage","@id":"https:\/\/www.jeuxcuisinegratuits.fr\/recettes-cuisine\/contact\/","url":"https:\/\/www.jeuxcuisinegratuits.fr\/recettes-cuisine\/contact\/","name":"Contact | Les recettes de Cuisine Gratuites","isPartOf":{"@id":"https:\/\/www.jeuxcuisinegratuits.fr\/recettes-cuisine\/#website"},"datePublished":"2022-03-27T21:06:33+00:00","dateModified":"2022-03-27T21:09:13+00:00","description":"Formulaire permettant de contacter les \u00e9quipes de https:\/\/www.jeuxcuisinegratuits.fr\/","breadcrumb":{"@id":"https:\/\/www.jeuxcuisinegratuits.fr\/recettes-cuisine\/contact\/#breadcrumb"},"inLanguage":"fr-FR","potentialAction":[{"@type":"ReadAction","target":["https:\/\/www.jeuxcuisinegratuits.fr\/recettes-cuisine\/contact\/"]}]},{"@type":"BreadcrumbList","@id":"https:\/\/www.jeuxcuisinegratuits.fr\/recettes-cuisine\/contact\/#breadcrumb","itemListElement":[{"@type":"ListItem","position":1,"name":"Accueil","item":"https:\/\/www.jeuxcuisinegratuits.fr\/recettes-cuisine\/"},{"@type":"ListItem","position":2,"name":"Contact"}]},{"@type":"WebSite","@id":"https:\/\/www.jeuxcuisinegratuits.fr\/recettes-cuisine\/#website","url":"https:\/\/www.jeuxcuisinegratuits.fr\/recettes-cuisine\/","name":"Les recettes de Cuisine Gratuites","description":"Le site destin\u00e9 aux apprentis chef du site Jeux Cuisine Gratuits","potentialAction":[{"@type":"SearchAction","target":{"@type":"EntryPoint","urlTemplate":"https:\/\/www.jeuxcuisinegratuits.fr\/recettes-cuisine\/?s={search_term_string}"},"query-input":"required name=search_term_string"}],"inLanguage":"fr-FR"}]}},"_links":{"self":[{"href":"https:\/\/www.jeuxcuisinegratuits.fr\/recettes-cuisine\/wp-json\/wp\/v2\/pages\/69"}],"collection":[{"href":"https:\/\/www.jeuxcuisinegratuits.fr\/recettes-cuisine\/wp-json\/wp\/v2\/pages"}],"about":[{"href":"https:\/\/www.jeuxcuisinegratuits.fr\/recettes-cuisine\/wp-json\/wp\/v2\/types\/page"}],"author":[{"embeddable":true,"href":"https:\/\/www.jeuxcuisinegratuits.fr\/recettes-cuisine\/wp-json\/wp\/v2\/users\/1"}],"replies":[{"embeddable":true,"href":"https:\/\/www.jeuxcuisinegratuits.fr\/recettes-cuisine\/wp-json\/wp\/v2\/comments?post=69"}],"version-history":[{"count":1,"href":"https:\/\/www.jeuxcuisinegratuits.fr\/recettes-cuisine\/wp-json\/wp\/v2\/pages\/69\/revisions"}],"predecessor-version":[{"id":70,"href":"https:\/\/www.jeuxcuisinegratuits.fr\/recettes-cuisine\/wp-json\/wp\/v2\/pages\/69\/revisions\/70"}],"wp:attachment":[{"href":"https:\/\/www.jeuxcuisinegratuits.fr\/recettes-cuisine\/wp-json\/wp\/v2\/media?parent=69"}],"curies":[{"name":"wp","href":"https:\/\/api.w.org\/{rel}","templated":true}]}}